{"id":104,"date":"2019-08-09T11:18:16","date_gmt":"2019-08-09T15:18:16","guid":{"rendered":"https:\/\/hospitaltaiwan.gob.do\/transparencia\/?page_id=104"},"modified":"2019-08-09T11:18:16","modified_gmt":"2019-08-09T15:18:16","slug":"comision-de-etica-publica-cep","status":"publish","type":"page","link":"https:\/\/portal-pedroantoniocespedes.azurewebsites.net\/transparencia\/comision-de-etica-publica-cep\/","title":{"rendered":"Comisi\u00f3n de \u00c9tica P\u00fablica (CEP)"},"content":{"rendered":"","protected":false},"excerpt":{"rendered":"","protected":false},"author":1,"featured_media":0,"parent":0,"menu_order":0,"comment_status":"closed","ping_status":"closed","template":"","meta":[],"_links":{"self":[{"href":"https:\/\/portal-pedroantoniocespedes.azurewebsites.net\/transparencia\/wp-json\/wp\/v2\/pages\/104"}],"collection":[{"href":"https:\/\/portal-pedroantoniocespedes.azurewebsites.net\/transparencia\/wp-json\/wp\/v2\/pages"}],"about":[{"href":"https:\/\/portal-pedroantoniocespedes.azurewebsites.net\/transparencia\/wp-json\/wp\/v2\/types\/page"}],"author":[{"embeddable":true,"href":"https:\/\/portal-pedroantoniocespedes.azurewebsites.net\/transparencia\/wp-json\/wp\/v2\/users\/1"}],"replies":[{"embeddable":true,"href":"https:\/\/portal-pedroantoniocespedes.azurewebsites.net\/transparencia\/wp-json\/wp\/v2\/comments?post=104"}],"version-history":[{"count":0,"href":"https:\/\/portal-pedroantoniocespedes.azurewebsites.net\/transparencia\/wp-json\/wp\/v2\/pages\/104\/revisions"}],"wp:attachment":[{"href":"https:\/\/portal-pedroantoniocespedes.azurewebsites.net\/transparencia\/wp-json\/wp\/v2\/media?parent=104"}],"curies":[{"name":"wp","href":"https:\/\/api.w.org\/{rel}","templated":true}]}}